{"id":45168,"date":"2019-08-14T14:44:18","date_gmt":"2019-08-14T13:44:18","guid":{"rendered":"https:\/\/assetrecovery.mt\/dwarna\/"},"modified":"2025-03-25T13:51:37","modified_gmt":"2025-03-25T12:51:37","slug":"dwarna","status":"publish","type":"page","link":"https:\/\/assetrecovery.mt\/mt\/dwarna\/","title":{"rendered":"Dwarna"},"content":{"rendered":"\t\t<div data-elementor-type=\"wp-post\" data-elementor-id=\"45168\" class=\"elementor elementor-45168 elementor-586\" data-elementor-post-type=\"page\">\n\t\t\t\t\t\t<section class=\"elementor-section elementor-top-section elementor-element elementor-element-9f94605 elementor-section-boxed elementor-section-height-default elementor-section-height-default\" data-id=\"9f94605\" data-element_type=\"section\" data-e-type=\"section\">\n\t\t\t\t\t\t<div class=\"elementor-container elementor-column-gap-default\">\n\t\t\t\t\t<div class=\"elementor-column elementor-col-100 elementor-top-column elementor-element elementor-element-25362a3\" data-id=\"25362a3\" data-element_type=\"column\" data-e-type=\"column\">\n\t\t\t<div class=\"elementor-widget-wrap\">\n\t\t\t\t\t\t\t<\/div>\n\t\t<\/div>\n\t\t\t\t\t<\/div>\n\t\t<\/section>\n\t\t\t\t<section class=\"elementor-section elementor-top-section elementor-element elementor-element-74d2d7a elementor-section-stretched elementor-section-boxed elementor-section-height-default elementor-section-height-default\" data-id=\"74d2d7a\" data-element_type=\"section\" data-e-type=\"section\" id=\"contact-info\" data-settings=\"{&quot;background_background&quot;:&quot;classic&quot;,&quot;stretch_section&quot;:&quot;section-stretched&quot;}\">\n\t\t\t\t\t\t<div class=\"elementor-container elementor-column-gap-default\">\n\t\t\t\t\t<div class=\"elementor-column elementor-col-50 elementor-top-column elementor-element elementor-element-767b8e9\" data-id=\"767b8e9\" data-element_type=\"column\" data-e-type=\"column\" data-settings=\"{&quot;background_background&quot;:&quot;classic&quot;}\">\n\t\t\t<div class=\"elementor-widget-wrap elementor-element-populated\">\n\t\t\t\t\t\t<div class=\"elementor-element elementor-element-9d211e3 elementor-widget elementor-widget-heading\" data-id=\"9d211e3\" data-element_type=\"widget\" data-e-type=\"widget\" data-widget_type=\"heading.default\">\n\t\t\t\t<div class=\"elementor-widget-container\">\n\t\t\t\t\t<h6 class=\"elementor-heading-title elementor-size-default\">Kuntatt<\/h6>\t\t\t\t<\/div>\n\t\t\t\t<\/div>\n\t\t\t\t<section class=\"elementor-section elementor-inner-section elementor-element elementor-element-5fab1da elementor-section-content-middle elementor-section-boxed elementor-section-height-default elementor-section-height-default\" data-id=\"5fab1da\" data-element_type=\"section\" data-e-type=\"section\">\n\t\t\t\t\t\t<div class=\"elementor-container elementor-column-gap-default\">\n\t\t\t\t\t<div class=\"elementor-column elementor-col-50 elementor-inner-column elementor-element elementor-element-c9e5184\" data-id=\"c9e5184\" data-element_type=\"column\" data-e-type=\"column\">\n\t\t\t<div class=\"elementor-widget-wrap elementor-element-populated\">\n\t\t\t\t\t\t<div class=\"elementor-element elementor-element-80e3049 elementor-view-default elementor-widget elementor-widget-icon\" data-id=\"80e3049\" data-element_type=\"widget\" data-e-type=\"widget\" data-widget_type=\"icon.default\">\n\t\t\t\t<div class=\"elementor-widget-container\">\n\t\t\t\t\t\t\t<div class=\"elementor-icon-wrapper\">\n\t\t\t<div class=\"elementor-icon\">\n\t\t\t<i aria-hidden=\"true\" class=\"fas fa-user-alt\"><\/i>\t\t\t<\/div>\n\t\t<\/div>\n\t\t\t\t\t\t<\/div>\n\t\t\t\t<\/div>\n\t\t\t\t\t<\/div>\n\t\t<\/div>\n\t\t\t\t<div class=\"elementor-column elementor-col-50 elementor-inner-column elementor-element elementor-element-ad291c7\" data-id=\"ad291c7\" data-element_type=\"column\" data-e-type=\"column\">\n\t\t\t<div class=\"elementor-widget-wrap elementor-element-populated\">\n\t\t\t\t\t\t<div class=\"elementor-element elementor-element-90d9f11 elementor-widget elementor-widget-heading\" data-id=\"90d9f11\" data-element_type=\"widget\" data-e-type=\"widget\" data-widget_type=\"heading.default\">\n\t\t\t\t<div class=\"elementor-widget-container\">\n\t\t\t\t\t<h6 class=\"elementor-heading-title elementor-size-default\">Asset Recovery Bureau<\/h6>\t\t\t\t<\/div>\n\t\t\t\t<\/div>\n\t\t\t\t\t<\/div>\n\t\t<\/div>\n\t\t\t\t\t<\/div>\n\t\t<\/section>\n\t\t\t\t<div class=\"elementor-element elementor-element-eb6f58d elementor-widget elementor-widget-text-editor\" data-id=\"eb6f58d\" data-element_type=\"widget\" data-e-type=\"widget\" data-widget_type=\"text-editor.default\">\n\t\t\t\t<div class=\"elementor-widget-container\">\n\t\t\t\t\t\t\t\t\t<div>Directories Building, 1, Triq il-Pitkali, Marsa, MRS 2293<\/div>\t\t\t\t\t\t\t\t<\/div>\n\t\t\t\t<\/div>\n\t\t\t\t<section class=\"elementor-section elementor-inner-section elementor-element elementor-element-f507770 elementor-section-content-middle elementor-section-boxed elementor-section-height-default elementor-section-height-default\" data-id=\"f507770\" data-element_type=\"section\" data-e-type=\"section\">\n\t\t\t\t\t\t<div class=\"elementor-container elementor-column-gap-default\">\n\t\t\t\t\t<div class=\"elementor-column elementor-col-50 elementor-inner-column elementor-element elementor-element-0b6be37\" data-id=\"0b6be37\" data-element_type=\"column\" data-e-type=\"column\">\n\t\t\t<div class=\"elementor-widget-wrap elementor-element-populated\">\n\t\t\t\t\t\t<div class=\"elementor-element elementor-element-b96dd48 elementor-view-default elementor-widget elementor-widget-icon\" data-id=\"b96dd48\" data-element_type=\"widget\" data-e-type=\"widget\" data-widget_type=\"icon.default\">\n\t\t\t\t<div class=\"elementor-widget-container\">\n\t\t\t\t\t\t\t<div class=\"elementor-icon-wrapper\">\n\t\t\t<div class=\"elementor-icon\">\n\t\t\t<i aria-hidden=\"true\" class=\"fas fa-phone-alt\"><\/i>\t\t\t<\/div>\n\t\t<\/div>\n\t\t\t\t\t\t<\/div>\n\t\t\t\t<\/div>\n\t\t\t\t\t<\/div>\n\t\t<\/div>\n\t\t\t\t<div class=\"elementor-column elementor-col-50 elementor-inner-column elementor-element elementor-element-64d5e9a\" data-id=\"64d5e9a\" data-element_type=\"column\" data-e-type=\"column\">\n\t\t\t<div class=\"elementor-widget-wrap elementor-element-populated\">\n\t\t\t\t\t\t<div class=\"elementor-element elementor-element-3c9fefc elementor-widget elementor-widget-heading\" data-id=\"3c9fefc\" data-element_type=\"widget\" data-e-type=\"widget\" data-widget_type=\"heading.default\">\n\t\t\t\t<div class=\"elementor-widget-container\">\n\t\t\t\t\t<h6 class=\"elementor-heading-title elementor-size-default\">Telefon<\/h6>\t\t\t\t<\/div>\n\t\t\t\t<\/div>\n\t\t\t\t\t<\/div>\n\t\t<\/div>\n\t\t\t\t\t<\/div>\n\t\t<\/section>\n\t\t\t\t<div class=\"elementor-element elementor-element-d9b3834 elementor-widget elementor-widget-text-editor\" data-id=\"d9b3834\" data-element_type=\"widget\" data-e-type=\"widget\" data-widget_type=\"text-editor.default\">\n\t\t\t\t<div class=\"elementor-widget-container\">\n\t\t\t\t\t\t\t\t\t<p><a href=\"tel: (+356) 22261200\">+356 2226 1200<\/a><\/p>\n\t\t\t\t\t\t\t\t<\/div>\n\t\t\t\t<\/div>\n\t\t\t\t<section class=\"elementor-section elementor-inner-section elementor-element elementor-element-e7f0840 elementor-section-content-middle elementor-section-boxed elementor-section-height-default elementor-section-height-default\" data-id=\"e7f0840\" data-element_type=\"section\" data-e-type=\"section\">\n\t\t\t\t\t\t<div class=\"elementor-container elementor-column-gap-default\">\n\t\t\t\t\t<div class=\"elementor-column elementor-col-50 elementor-inner-column elementor-element elementor-element-3c83a09\" data-id=\"3c83a09\" data-element_type=\"column\" data-e-type=\"column\">\n\t\t\t<div class=\"elementor-widget-wrap elementor-element-populated\">\n\t\t\t\t\t\t<div class=\"elementor-element elementor-element-7ea8174 elementor-view-default elementor-widget elementor-widget-icon\" data-id=\"7ea8174\" data-element_type=\"widget\" data-e-type=\"widget\" data-widget_type=\"icon.default\">\n\t\t\t\t<div class=\"elementor-widget-container\">\n\t\t\t\t\t\t\t<div class=\"elementor-icon-wrapper\">\n\t\t\t<div class=\"elementor-icon\">\n\t\t\t<i aria-hidden=\"true\" class=\"far fa-envelope\"><\/i>\t\t\t<\/div>\n\t\t<\/div>\n\t\t\t\t\t\t<\/div>\n\t\t\t\t<\/div>\n\t\t\t\t\t<\/div>\n\t\t<\/div>\n\t\t\t\t<div class=\"elementor-column elementor-col-50 elementor-inner-column elementor-element elementor-element-fef6b17\" data-id=\"fef6b17\" data-element_type=\"column\" data-e-type=\"column\">\n\t\t\t<div class=\"elementor-widget-wrap elementor-element-populated\">\n\t\t\t\t\t\t<div class=\"elementor-element elementor-element-3c1ec17 elementor-widget elementor-widget-heading\" data-id=\"3c1ec17\" data-element_type=\"widget\" data-e-type=\"widget\" data-widget_type=\"heading.default\">\n\t\t\t\t<div class=\"elementor-widget-container\">\n\t\t\t\t\t<h6 class=\"elementor-heading-title elementor-size-default\">Email<\/h6>\t\t\t\t<\/div>\n\t\t\t\t<\/div>\n\t\t\t\t\t<\/div>\n\t\t<\/div>\n\t\t\t\t\t<\/div>\n\t\t<\/section>\n\t\t\t\t<div class=\"elementor-element elementor-element-8f124ab elementor-widget elementor-widget-text-editor\" data-id=\"8f124ab\" data-element_type=\"widget\" data-e-type=\"widget\" data-widget_type=\"text-editor.default\">\n\t\t\t\t<div class=\"elementor-widget-container\">\n\t\t\t\t\t\t\t\t\t<p><a href=\"mailto:arbmalta@assetrecovery.mt\">arbmalta@assetrecovery.mt<\/a><\/p>\n\t\t\t\t\t\t\t\t<\/div>\n\t\t\t\t<\/div>\n\t\t\t\t<section class=\"elementor-section elementor-inner-section elementor-element elementor-element-32cd856 elementor-section-content-middle elementor-section-boxed elementor-section-height-default elementor-section-height-default\" data-id=\"32cd856\" data-element_type=\"section\" data-e-type=\"section\">\n\t\t\t\t\t\t<div class=\"elementor-container elementor-column-gap-default\">\n\t\t\t\t\t<div class=\"elementor-column elementor-col-50 elementor-inner-column elementor-element elementor-element-8e8a8b8\" data-id=\"8e8a8b8\" data-element_type=\"column\" data-e-type=\"column\">\n\t\t\t<div class=\"elementor-widget-wrap elementor-element-populated\">\n\t\t\t\t\t\t<div class=\"elementor-element elementor-element-036bd97 elementor-view-default elementor-widget elementor-widget-icon\" data-id=\"036bd97\" data-element_type=\"widget\" data-e-type=\"widget\" data-widget_type=\"icon.default\">\n\t\t\t\t<div class=\"elementor-widget-container\">\n\t\t\t\t\t\t\t<div class=\"elementor-icon-wrapper\">\n\t\t\t<div class=\"elementor-icon\">\n\t\t\t<i aria-hidden=\"true\" class=\"fas fa-globe\"><\/i>\t\t\t<\/div>\n\t\t<\/div>\n\t\t\t\t\t\t<\/div>\n\t\t\t\t<\/div>\n\t\t\t\t\t<\/div>\n\t\t<\/div>\n\t\t\t\t<div class=\"elementor-column elementor-col-50 elementor-inner-column elementor-element elementor-element-a4afb25\" data-id=\"a4afb25\" data-element_type=\"column\" data-e-type=\"column\">\n\t\t\t<div class=\"elementor-widget-wrap elementor-element-populated\">\n\t\t\t\t\t\t<div class=\"elementor-element elementor-element-eb3e189 elementor-widget elementor-widget-heading\" data-id=\"eb3e189\" data-element_type=\"widget\" data-e-type=\"widget\" data-widget_type=\"heading.default\">\n\t\t\t\t<div class=\"elementor-widget-container\">\n\t\t\t\t\t<h6 class=\"elementor-heading-title elementor-size-default\">Websajt<\/h6>\t\t\t\t<\/div>\n\t\t\t\t<\/div>\n\t\t\t\t\t<\/div>\n\t\t<\/div>\n\t\t\t\t\t<\/div>\n\t\t<\/section>\n\t\t\t\t<div class=\"elementor-element elementor-element-1a73681 elementor-widget elementor-widget-text-editor\" data-id=\"1a73681\" data-element_type=\"widget\" data-e-type=\"widget\" data-widget_type=\"text-editor.default\">\n\t\t\t\t<div class=\"elementor-widget-container\">\n\t\t\t\t\t\t\t\t\t<p><a href=\"http:\/\/www.assetrecovery.mt\">www.assetrecovery.mt<\/a><\/p>\n\t\t\t\t\t\t\t\t<\/div>\n\t\t\t\t<\/div>\n\t\t\t\t\t<\/div>\n\t\t<\/div>\n\t\t\t\t<div class=\"elementor-column elementor-col-50 elementor-top-column elementor-element elementor-element-5c66f6b\" data-id=\"5c66f6b\" data-element_type=\"column\" data-e-type=\"column\">\n\t\t\t<div class=\"elementor-widget-wrap elementor-element-populated\">\n\t\t\t\t\t\t<div class=\"elementor-element elementor-element-8e14432 about-us-content elementor-widget elementor-widget-heading\" data-id=\"8e14432\" data-element_type=\"widget\" data-e-type=\"widget\" data-widget_type=\"heading.default\">\n\t\t\t\t<div class=\"elementor-widget-container\">\n\t\t\t\t\t<p class=\"elementor-heading-title elementor-size-default\">Dwarna<\/p>\t\t\t\t<\/div>\n\t\t\t\t<\/div>\n\t\t\t\t<div class=\"elementor-element elementor-element-d769d5a elementor-widget elementor-widget-html\" data-id=\"d769d5a\" data-element_type=\"widget\" data-e-type=\"widget\" data-widget_type=\"html.default\">\n\t\t\t\t<div class=\"elementor-widget-container\">\n\t\t\t\t\t<div class=\"footer-content\">\r\n    <div class=\"footer-content-inner\">\r\n    <p>\r\n    Chairperson:\u00a0\r\n    <\/p> \r\n    <\/div>\r\n    <div class=\"footer-content-inner-two\">\r\n    <p>\r\n    Im\u0127allef Emeritus Joseph D. Camilleri\r\n    <\/p> \r\n    <\/div>\r\n<\/div>\t\t\t\t<\/div>\n\t\t\t\t<\/div>\n\t\t\t\t<div class=\"elementor-element elementor-element-0b37767 elementor-widget elementor-widget-html\" data-id=\"0b37767\" data-element_type=\"widget\" data-e-type=\"widget\" data-widget_type=\"html.default\">\n\t\t\t\t<div class=\"elementor-widget-container\">\n\t\t\t\t\t<div class=\"footer-content\">\r\n    <div class=\"footer-content-inner\">\r\n    <p>\r\n    Deputat Chairperson:\r\n    <\/p> \r\n    <\/div>\r\n    <div class=\"footer-content-inner-two\">\r\n    <p>\r\n    \r\n    <\/p> \r\n    <\/div>\r\n<\/div>\t\t\t\t<\/div>\n\t\t\t\t<\/div>\n\t\t\t\t<div class=\"elementor-element elementor-element-cacc03d elementor-widget elementor-widget-html\" data-id=\"cacc03d\" data-element_type=\"widget\" data-e-type=\"widget\" data-widget_type=\"html.default\">\n\t\t\t\t<div class=\"elementor-widget-container\">\n\t\t\t\t\t<div class=\"footer-content\">\r\n    <div class=\"footer-header\">\r\n    <p>\r\n    Membri tal-Bord:\r\n    <\/p> \r\n    <\/div>\r\n    <div class=\"footer-content-inner-two\">\r\n    <p>\r\n    \r\n    <\/p> \r\n    <\/div>\r\n<\/div>\t\t\t\t<\/div>\n\t\t\t\t<\/div>\n\t\t\t\t<div class=\"elementor-element elementor-element-32dcb99 elementor-widget elementor-widget-html\" data-id=\"32dcb99\" data-element_type=\"widget\" data-e-type=\"widget\" data-widget_type=\"html.default\">\n\t\t\t\t<div class=\"elementor-widget-container\">\n\t\t\t\t\t<div class=\"footer-content\">\r\n    <div class=\"footer-content-inner\">\r\n    <p>\r\n    Kummissarju tal-Pulizija: \r\n    <\/p> \r\n    <\/div>\r\n    <div class=\"footer-content-inner-two\">\r\n    <p>\r\n    Is-Sur Angelo Gaf\u00e0\r\n    <\/p> \r\n    <\/div>\r\n<\/div>\t\t\t\t<\/div>\n\t\t\t\t<\/div>\n\t\t\t\t<div class=\"elementor-element elementor-element-5cb3fb6 elementor-widget elementor-widget-html\" data-id=\"5cb3fb6\" data-element_type=\"widget\" data-e-type=\"widget\" data-widget_type=\"html.default\">\n\t\t\t\t<div class=\"elementor-widget-container\">\n\t\t\t\t\t<div class=\"footer-content\">\r\n    <div class=\"footer-content-inner\">\r\n    <p>\r\n    Direttur tal-FIAU: \r\n    <\/p> \r\n    <\/div>\r\n    <div class=\"footer-content-inner-two\">\r\n    <p>\r\n    Is-Sur Alfred Zammit\r\n    <\/p> \r\n    <\/div>\r\n<\/div>\t\t\t\t<\/div>\n\t\t\t\t<\/div>\n\t\t\t\t<div class=\"elementor-element elementor-element-7488aad elementor-widget elementor-widget-html\" data-id=\"7488aad\" data-element_type=\"widget\" data-e-type=\"widget\" data-widget_type=\"html.default\">\n\t\t\t\t<div class=\"elementor-widget-container\">\n\t\t\t\t\t<div class=\"footer-content\">\r\n    <div class=\"footer-content-inner\">\r\n    <p>\r\n    Kummissarju g\u0127at-Taxxi Interni: \r\n    <\/p> \r\n    <\/div>\r\n    <div class=\"footer-content-inner-two\">\r\n    <p>\r\n    is-Sur Joseph Caruana\r\n    <\/p> \r\n    <\/div>\r\n<\/div>\t\t\t\t<\/div>\n\t\t\t\t<\/div>\n\t\t\t\t<div class=\"elementor-element elementor-element-edaf62b elementor-widget elementor-widget-html\" data-id=\"edaf62b\" data-element_type=\"widget\" data-e-type=\"widget\" data-widget_type=\"html.default\">\n\t\t\t\t<div class=\"elementor-widget-container\">\n\t\t\t\t\t<div class=\"footer-content\">\r\n    <div class=\"footer-header directorate\">\r\n    <p>\r\n    Direttorat:\r\n    <\/p> \r\n    <\/div>\r\n    <div class=\"footer-content-inner-two\">\r\n    <p>\r\n    \r\n    <\/p> \r\n    <\/div>\r\n<\/div>\t\t\t\t<\/div>\n\t\t\t\t<\/div>\n\t\t\t\t<div class=\"elementor-element elementor-element-6e713a3 elementor-widget elementor-widget-html\" data-id=\"6e713a3\" data-element_type=\"widget\" data-e-type=\"widget\" data-widget_type=\"html.default\">\n\t\t\t\t<div class=\"elementor-widget-container\">\n\t\t\t\t\t<div class=\"footer-content\">\r\n    <div class=\"footer-content-inner\">\r\n    <p>\r\n    Direttur ta\u2019 l-Uffi\u010b\u010bju g\u0127all-Irkupru ta\u2019 l-Assi:\r\n    <\/p> \r\n    <\/div>\r\n    <div class=\"footer-content-inner-two\">\r\n    <p>\r\n    Is-Sinjura Eunice Maria Fiorini\r\n    <\/p> \r\n    <\/div>\r\n<\/div>\t\t\t\t<\/div>\n\t\t\t\t<\/div>\n\t\t\t\t\t<\/div>\n\t\t<\/div>\n\t\t\t\t\t<\/div>\n\t\t<\/section>\n\t\t\t\t<section class=\"elementor-section elementor-top-section elementor-element elementor-element-9696cdb elementor-section-boxed elementor-section-height-default elementor-section-height-default\" data-id=\"9696cdb\" data-element_type=\"section\" data-e-type=\"section\">\n\t\t\t\t\t\t<div class=\"elementor-container elementor-column-gap-default\">\n\t\t\t\t\t<div class=\"elementor-column elementor-col-100 elementor-top-column elementor-element elementor-element-5dd77cb\" data-id=\"5dd77cb\" data-element_type=\"column\" data-e-type=\"column\">\n\t\t\t<div class=\"elementor-widget-wrap elementor-element-populated\">\n\t\t\t\t\t\t<div class=\"elementor-element elementor-element-106cf8c elementor-widget elementor-widget-spacer\" data-id=\"106cf8c\" data-element_type=\"widget\" data-e-type=\"widget\" data-widget_type=\"spacer.default\">\n\t\t\t\t<div class=\"elementor-widget-container\">\n\t\t\t\t\t\t\t<div class=\"elementor-spacer\">\n\t\t\t<div class=\"elementor-spacer-inner\"><\/div>\n\t\t<\/div>\n\t\t\t\t\t\t<\/div>\n\t\t\t\t<\/div>\n\t\t\t\t\t<\/div>\n\t\t<\/div>\n\t\t\t\t\t<\/div>\n\t\t<\/section>\n\t\t\t\t<\/div>\n\t\t","protected":false},"excerpt":{"rendered":"<p>Kuntatt Asset Recovery Bureau Directories Building, 1, Triq il-Pitkali, Marsa, MRS 2293 Telefon +356 2226 1200 Email arbmalta@assetrecovery.mt Websajt www.assetrecovery.mt Dwarna Chairperson:\u00a0 [&hellip;]<\/p>\n","protected":false},"author":1,"featured_media":0,"parent":0,"menu_order":0,"comment_status":"closed","ping_status":"closed","template":"elementor_header_footer","meta":{"_acf_changed":false,"footnotes":""},"class_list":["post-45168","page","type-page","status-publish","hentry"],"acf":[],"yoast_head":"<!-- This site is optimized with the Yoast SEO plugin v27.3 - https:\/\/yoast.com\/product\/yoast-seo-wordpress\/ -->\n<title>Dwarna - Asset Recovery Bureau<\/title>\n<meta name=\"robots\" content=\"index, follow, max-snippet:-1, max-image-preview:large, max-video-preview:-1\" \/>\n<link rel=\"canonical\" href=\"https:\/\/assetrecovery.mt\/mt\/dwarna\/\" \/>\n<meta property=\"og:locale\" content=\"mt_MT\" \/>\n<meta property=\"og:type\" content=\"article\" \/>\n<meta property=\"og:title\" content=\"Dwarna - Asset Recovery Bureau\" \/>\n<meta property=\"og:description\" content=\"Kuntatt Asset Recovery Bureau Directories Building, 1, Triq il-Pitkali, Marsa, MRS 2293 Telefon +356 2226 1200 Email arbmalta@assetrecovery.mt Websajt www.assetrecovery.mt Dwarna Chairperson:\u00a0 [&hellip;]\" \/>\n<meta property=\"og:url\" content=\"https:\/\/assetrecovery.mt\/mt\/dwarna\/\" \/>\n<meta property=\"og:site_name\" content=\"Asset Recovery Bureau\" \/>\n<meta property=\"article:modified_time\" content=\"2025-03-25T12:51:37+00:00\" \/>\n<meta name=\"twitter:card\" content=\"summary_large_image\" \/>\n<meta name=\"twitter:label1\" content=\"Est. reading time\" \/>\n\t<meta name=\"twitter:data1\" content=\"1 minute\" \/>\n<script type=\"application\/ld+json\" class=\"yoast-schema-graph\">{\"@context\":\"https:\\\/\\\/schema.org\",\"@graph\":[{\"@type\":\"WebPage\",\"@id\":\"https:\\\/\\\/assetrecovery.mt\\\/mt\\\/dwarna\\\/\",\"url\":\"https:\\\/\\\/assetrecovery.mt\\\/mt\\\/dwarna\\\/\",\"name\":\"Dwarna - Asset Recovery Bureau\",\"isPartOf\":{\"@id\":\"https:\\\/\\\/assetrecovery.mt\\\/mt\\\/#website\"},\"datePublished\":\"2019-08-14T13:44:18+00:00\",\"dateModified\":\"2025-03-25T12:51:37+00:00\",\"breadcrumb\":{\"@id\":\"https:\\\/\\\/assetrecovery.mt\\\/mt\\\/dwarna\\\/#breadcrumb\"},\"inLanguage\":\"mt-MT\",\"potentialAction\":[{\"@type\":\"ReadAction\",\"target\":[\"https:\\\/\\\/assetrecovery.mt\\\/mt\\\/dwarna\\\/\"]}]},{\"@type\":\"BreadcrumbList\",\"@id\":\"https:\\\/\\\/assetrecovery.mt\\\/mt\\\/dwarna\\\/#breadcrumb\",\"itemListElement\":[{\"@type\":\"ListItem\",\"position\":1,\"name\":\"Home\",\"item\":\"https:\\\/\\\/assetrecovery.mt\\\/mt\\\/\"},{\"@type\":\"ListItem\",\"position\":2,\"name\":\"Dwarna\"}]},{\"@type\":\"WebSite\",\"@id\":\"https:\\\/\\\/assetrecovery.mt\\\/mt\\\/#website\",\"url\":\"https:\\\/\\\/assetrecovery.mt\\\/mt\\\/\",\"name\":\"Asset Recovery Bureau\",\"description\":\"\",\"publisher\":{\"@id\":\"https:\\\/\\\/assetrecovery.mt\\\/mt\\\/#organization\"},\"potentialAction\":[{\"@type\":\"SearchAction\",\"target\":{\"@type\":\"EntryPoint\",\"urlTemplate\":\"https:\\\/\\\/assetrecovery.mt\\\/mt\\\/?s={search_term_string}\"},\"query-input\":{\"@type\":\"PropertyValueSpecification\",\"valueRequired\":true,\"valueName\":\"search_term_string\"}}],\"inLanguage\":\"mt-MT\"},{\"@type\":\"Organization\",\"@id\":\"https:\\\/\\\/assetrecovery.mt\\\/mt\\\/#organization\",\"name\":\"Asset Recovery Bureau\",\"url\":\"https:\\\/\\\/assetrecovery.mt\\\/mt\\\/\",\"logo\":{\"@type\":\"ImageObject\",\"inLanguage\":\"mt-MT\",\"@id\":\"https:\\\/\\\/assetrecovery.mt\\\/mt\\\/#\\\/schema\\\/logo\\\/image\\\/\",\"url\":\"https:\\\/\\\/assetrecovery.mt\\\/wp-content\\\/uploads\\\/2022\\\/07\\\/cropped-LOGTYPE-1.png\",\"contentUrl\":\"https:\\\/\\\/assetrecovery.mt\\\/wp-content\\\/uploads\\\/2022\\\/07\\\/cropped-LOGTYPE-1.png\",\"width\":67,\"height\":41,\"caption\":\"Asset Recovery Bureau\"},\"image\":{\"@id\":\"https:\\\/\\\/assetrecovery.mt\\\/mt\\\/#\\\/schema\\\/logo\\\/image\\\/\"}}]}<\/script>\n<!-- \/ Yoast SEO plugin. -->","yoast_head_json":{"title":"Dwarna - Asset Recovery Bureau","robots":{"index":"index","follow":"follow","max-snippet":"max-snippet:-1","max-image-preview":"max-image-preview:large","max-video-preview":"max-video-preview:-1"},"canonical":"https:\/\/assetrecovery.mt\/mt\/dwarna\/","og_locale":"mt_MT","og_type":"article","og_title":"Dwarna - Asset Recovery Bureau","og_description":"Kuntatt Asset Recovery Bureau Directories Building, 1, Triq il-Pitkali, Marsa, MRS 2293 Telefon +356 2226 1200 Email arbmalta@assetrecovery.mt Websajt www.assetrecovery.mt Dwarna Chairperson:\u00a0 [&hellip;]","og_url":"https:\/\/assetrecovery.mt\/mt\/dwarna\/","og_site_name":"Asset Recovery Bureau","article_modified_time":"2025-03-25T12:51:37+00:00","twitter_card":"summary_large_image","twitter_misc":{"Est. reading time":"1 minute"},"schema":{"@context":"https:\/\/schema.org","@graph":[{"@type":"WebPage","@id":"https:\/\/assetrecovery.mt\/mt\/dwarna\/","url":"https:\/\/assetrecovery.mt\/mt\/dwarna\/","name":"Dwarna - Asset Recovery Bureau","isPartOf":{"@id":"https:\/\/assetrecovery.mt\/mt\/#website"},"datePublished":"2019-08-14T13:44:18+00:00","dateModified":"2025-03-25T12:51:37+00:00","breadcrumb":{"@id":"https:\/\/assetrecovery.mt\/mt\/dwarna\/#breadcrumb"},"inLanguage":"mt-MT","potentialAction":[{"@type":"ReadAction","target":["https:\/\/assetrecovery.mt\/mt\/dwarna\/"]}]},{"@type":"BreadcrumbList","@id":"https:\/\/assetrecovery.mt\/mt\/dwarna\/#breadcrumb","itemListElement":[{"@type":"ListItem","position":1,"name":"Home","item":"https:\/\/assetrecovery.mt\/mt\/"},{"@type":"ListItem","position":2,"name":"Dwarna"}]},{"@type":"WebSite","@id":"https:\/\/assetrecovery.mt\/mt\/#website","url":"https:\/\/assetrecovery.mt\/mt\/","name":"Asset Recovery Bureau","description":"","publisher":{"@id":"https:\/\/assetrecovery.mt\/mt\/#organization"},"potentialAction":[{"@type":"SearchAction","target":{"@type":"EntryPoint","urlTemplate":"https:\/\/assetrecovery.mt\/mt\/?s={search_term_string}"},"query-input":{"@type":"PropertyValueSpecification","valueRequired":true,"valueName":"search_term_string"}}],"inLanguage":"mt-MT"},{"@type":"Organization","@id":"https:\/\/assetrecovery.mt\/mt\/#organization","name":"Asset Recovery Bureau","url":"https:\/\/assetrecovery.mt\/mt\/","logo":{"@type":"ImageObject","inLanguage":"mt-MT","@id":"https:\/\/assetrecovery.mt\/mt\/#\/schema\/logo\/image\/","url":"https:\/\/assetrecovery.mt\/wp-content\/uploads\/2022\/07\/cropped-LOGTYPE-1.png","contentUrl":"https:\/\/assetrecovery.mt\/wp-content\/uploads\/2022\/07\/cropped-LOGTYPE-1.png","width":67,"height":41,"caption":"Asset Recovery Bureau"},"image":{"@id":"https:\/\/assetrecovery.mt\/mt\/#\/schema\/logo\/image\/"}}]}},"_links":{"self":[{"href":"https:\/\/assetrecovery.mt\/mt\/wp-json\/wp\/v2\/pages\/45168","targetHints":{"allow":["GET"]}}],"collection":[{"href":"https:\/\/assetrecovery.mt\/mt\/wp-json\/wp\/v2\/pages"}],"about":[{"href":"https:\/\/assetrecovery.mt\/mt\/wp-json\/wp\/v2\/types\/page"}],"author":[{"embeddable":true,"href":"https:\/\/assetrecovery.mt\/mt\/wp-json\/wp\/v2\/users\/1"}],"replies":[{"embeddable":true,"href":"https:\/\/assetrecovery.mt\/mt\/wp-json\/wp\/v2\/comments?post=45168"}],"version-history":[{"count":24,"href":"https:\/\/assetrecovery.mt\/mt\/wp-json\/wp\/v2\/pages\/45168\/revisions"}],"predecessor-version":[{"id":105491,"href":"https:\/\/assetrecovery.mt\/mt\/wp-json\/wp\/v2\/pages\/45168\/revisions\/105491"}],"wp:attachment":[{"href":"https:\/\/assetrecovery.mt\/mt\/wp-json\/wp\/v2\/media?parent=45168"}],"curies":[{"name":"wp","href":"https:\/\/api.w.org\/{rel}","templated":true}]}}