{"id":45146,"date":"2022-07-28T09:54:32","date_gmt":"2022-07-28T08:54:32","guid":{"rendered":"https:\/\/assetrecovery.mt\/legizlazzjoni\/"},"modified":"2024-02-21T14:25:50","modified_gmt":"2024-02-21T13:25:50","slug":"legizlazzjoni","status":"publish","type":"page","link":"https:\/\/assetrecovery.mt\/mt\/legizlazzjoni\/","title":{"rendered":"Legizlazzjoni"},"content":{"rendered":"\t\t<div data-elementor-type=\"wp-page\" data-elementor-id=\"45146\" class=\"elementor elementor-45146 elementor-3767\" data-elementor-post-type=\"page\">\n\t\t\t\t\t\t<section class=\"elementor-section elementor-top-section elementor-element elementor-element-782bc1b elementor-section-boxed elementor-section-height-default elementor-section-height-default\" data-id=\"782bc1b\" data-element_type=\"section\" data-e-type=\"section\">\n\t\t\t\t\t\t<div class=\"elementor-container elementor-column-gap-default\">\n\t\t\t\t\t<div class=\"elementor-column elementor-col-100 elementor-top-column elementor-element elementor-element-361acd8\" data-id=\"361acd8\" data-element_type=\"column\" data-e-type=\"column\">\n\t\t\t<div class=\"elementor-widget-wrap elementor-element-populated\">\n\t\t\t\t\t\t<div class=\"elementor-element elementor-element-aad969c heading-subtitle white elementor-widget elementor-widget-heading\" data-id=\"aad969c\" data-element_type=\"widget\" data-e-type=\"widget\" data-widget_type=\"heading.default\">\n\t\t\t\t<div class=\"elementor-widget-container\">\n\t\t\t\t\t<span class=\"elementor-heading-title elementor-size-default\"><a href=\"https:\/\/assetrecovery.mt\/mt\/\">ASSET recovery bureau <\/a><\/span>\t\t\t\t<\/div>\n\t\t\t\t<\/div>\n\t\t\t\t<div class=\"elementor-element elementor-element-c21456b heading-title elementor-widget elementor-widget-heading\" data-id=\"c21456b\" data-element_type=\"widget\" data-e-type=\"widget\" data-widget_type=\"heading.default\">\n\t\t\t\t<div class=\"elementor-widget-container\">\n\t\t\t\t\t<h2 class=\"elementor-heading-title elementor-size-default\">Le\u0121i\u017clazzjoni<\/h2>\t\t\t\t<\/div>\n\t\t\t\t<\/div>\n\t\t\t\t<div class=\"elementor-element elementor-element-f3d1b73 elementor-widget elementor-widget-text-editor\" data-id=\"f3d1b73\" data-element_type=\"widget\" data-e-type=\"widget\" data-widget_type=\"text-editor.default\">\n\t\t\t\t<div class=\"elementor-widget-container\">\n\t\t\t\t\t\t\t\t\t<p style=\"color: #222222; font-size: small; font-weight: 400;\"><strong><span style=\"font-size: 12pt;\">L-Att tal-2021 dwar id-D\u0127ul mill-Kriminalit\u00e0 \u2013 ATT \u2116 \u0126amsa tal-2021 <\/span><\/strong><\/p><p style=\"color: #222222; font-size: small; font-weight: 400;\"><span style=\"font-size: 12pt;\">ATT ippromulgat mill-Parlament ta&#8217; Malta, biex jipprovdi g\u0127all-identifikazzjoni, g\u0127at-tra\u010b\u010bar, g\u0127all-iffri\u017car u g\u0127all-konfiska <\/span><span style=\"font-size: 12pt;\">tad-d\u0127ul mill-kriminalit\u00e0 inklu\u017c proprjet\u00e0 ma\u0127sula, d\u0127ul u benefi\u010b\u010bji o\u0127ra li \u0121ejjin minn dan il-qlieg\u0127 mi\u017cmuma minn imputati kriminali, <\/span><span style=\"font-size: 12pt;\">proprjet\u00e0 li hija d-d\u0127ul minn, jew \u0121iet u\u017cata fi, jew ma\u0127suba biex jew allokati g\u0127all-u\u017cu fil-finanzjament tat-terrori\u017cmu, <\/span><span style=\"font-size: 12pt;\">atti terroristi\u010bi jew organizzazzjonijiet terroristi\u010bi, g\u0127at-twaqqif ta&#8217; l-Uffi\u010b\u010bju G\u0127all-Irkupru tal-Assi b\u0127ala korp, indipendenti mill-Gvern, g\u0127all-iskop imsemmi, <\/span><span style=\"font-size: 12pt;\">g\u0127al konfiska mhux ibba\u017cata fuq kundanna ta&#8217; d\u0127ul minn rejat u affarijiet o\u0127ra konsegwenzjali jew an\u010billari g\u0127alihom.<\/span><\/p>\t\t\t\t\t\t\t\t<\/div>\n\t\t\t\t<\/div>\n\t\t\t\t\t<\/div>\n\t\t<\/div>\n\t\t\t\t\t<\/div>\n\t\t<\/section>\n\t\t\t\t<section class=\"elementor-section elementor-top-section elementor-element elementor-element-c283f80 elementor-section-boxed elementor-section-height-default elementor-section-height-default\" data-id=\"c283f80\" data-element_type=\"section\" data-e-type=\"section\">\n\t\t\t\t\t\t<div class=\"elementor-container elementor-column-gap-default\">\n\t\t\t\t\t<div class=\"elementor-column elementor-col-100 elementor-top-column elementor-element elementor-element-cd0cb87\" data-id=\"cd0cb87\" data-element_type=\"column\" data-e-type=\"column\">\n\t\t\t<div class=\"elementor-widget-wrap elementor-element-populated\">\n\t\t\t\t\t\t<div class=\"elementor-element elementor-element-a968e7a elementor-widget elementor-widget-text-editor\" data-id=\"a968e7a\" data-element_type=\"widget\" data-e-type=\"widget\" data-widget_type=\"text-editor.default\">\n\t\t\t\t<div class=\"elementor-widget-container\">\n\t\t\t\t\t\t\t\t\t<p style=\"color: #222222; font-size: small; font-weight: 400;\"><span style=\"font-size: 12pt;\"><a style=\"color: black;\" href=\"https:\/\/legislation.mt\/eli\/cap\/621\/20211218\/eng\" target=\"_blank\" rel=\"noopener\"><strong><u>Ag\u0127fas hawn biex tid\u0127ol mill-ewwel<\/u><\/strong><\/a> fl-Att Le\u0121islattiv fil-Kapitoli kkonsolidati tal-Li\u0121ijiet ta\u2019 Malta.<\/span><\/p>\t\t\t\t\t\t\t\t<\/div>\n\t\t\t\t<\/div>\n\t\t\t\t\t<\/div>\n\t\t<\/div>\n\t\t\t\t\t<\/div>\n\t\t<\/section>\n\t\t\t\t<section class=\"elementor-section elementor-top-section elementor-element elementor-element-ac9054a elementor-section-boxed elementor-section-height-default elementor-section-height-default\" data-id=\"ac9054a\" data-element_type=\"section\" data-e-type=\"section\">\n\t\t\t\t\t\t<div class=\"elementor-container elementor-column-gap-default\">\n\t\t\t\t\t<div class=\"elementor-column elementor-col-100 elementor-top-column elementor-element elementor-element-2ac5351\" data-id=\"2ac5351\" data-element_type=\"column\" data-e-type=\"column\">\n\t\t\t<div class=\"elementor-widget-wrap elementor-element-populated\">\n\t\t\t\t\t\t<div class=\"elementor-element elementor-element-0d448d1 elementor-widget elementor-widget-html\" data-id=\"0d448d1\" data-element_type=\"widget\" data-e-type=\"widget\" data-widget_type=\"html.default\">\n\t\t\t\t<div class=\"elementor-widget-container\">\n\t\t\t\t\t\r\n<script>\r\nfunction redirectToPDF(language) {\r\n  window.location.href = `https:\/\/legislation.mt\/eli\/cap\/621\/${language}`;\r\n}\r\n\r\njQuery(document).ready(function($) {\r\n  $(\"button.maltese\").click(function() {\r\n    redirectToPDF('mlt');\r\n  });\r\n  $(\"button.english\").click(function() {\r\n    redirectToPDF('eng');\r\n  });\r\n});\r\n\r\n<\/script>\r\n\r\n<div class=\"buttons\">\r\n  <button class=\"maltese\">\r\n    <img decoding=\"async\" src=\"https:\/\/assetrecovery.mt\/wp-content\/uploads\/2023\/02\/Flag-Malta.jpg\" alt=\"Maltese Flag\" width=\"30\">\r\n    Maltese\r\n  <\/button>\r\n\r\n  <button class=\"english\">\r\n    <img decoding=\"async\" src=\"https:\/\/assetrecovery.mt\/wp-content\/uploads\/2023\/02\/Flag_of_the_United_Kingdom.jpg\" alt=\"English Flag\" width=\"30\">\r\n    English\r\n  <\/button>\r\n<\/div>\r\n\r\n<div class=\"Frames-view\">\r\n  <\/div>\r\n\r\n\t\t\t\t<\/div>\n\t\t\t\t<\/div>\n\t\t\t\t\t<\/div>\n\t\t<\/div>\n\t\t\t\t\t<\/div>\n\t\t<\/section>\n\t\t\t\t<\/div>\n\t\t","protected":false},"excerpt":{"rendered":"<p>ASSET recovery bureau Le\u0121i\u017clazzjoni L-Att tal-2021 dwar id-D\u0127ul mill-Kriminalit\u00e0 \u2013 ATT \u2116 \u0126amsa tal-2021 ATT ippromulgat mill-Parlament ta&#8217; Malta, biex jipprovdi g\u0127all-identifikazzjoni, [&hellip;]<\/p>\n","protected":false},"author":1,"featured_media":43793,"parent":0,"menu_order":0,"comment_status":"closed","ping_status":"closed","template":"elementor_header_footer","meta":{"_acf_changed":false,"footnotes":""},"class_list":["post-45146","page","type-page","status-publish","has-post-thumbnail","hentry"],"acf":[],"yoast_head":"<!-- This site is optimized with the Yoast SEO plugin v27.3 - https:\/\/yoast.com\/product\/yoast-seo-wordpress\/ -->\n<title>Legizlazzjoni - Asset Recovery Bureau<\/title>\n<meta name=\"robots\" content=\"index, follow, max-snippet:-1, max-image-preview:large, max-video-preview:-1\" \/>\n<link rel=\"canonical\" href=\"https:\/\/assetrecovery.mt\/mt\/legizlazzjoni\/\" \/>\n<meta property=\"og:locale\" content=\"mt_MT\" \/>\n<meta property=\"og:type\" content=\"article\" \/>\n<meta property=\"og:title\" content=\"Legizlazzjoni - Asset Recovery Bureau\" \/>\n<meta property=\"og:description\" content=\"ASSET recovery bureau Le\u0121i\u017clazzjoni L-Att tal-2021 dwar id-D\u0127ul mill-Kriminalit\u00e0 \u2013 ATT \u2116 \u0126amsa tal-2021 ATT ippromulgat mill-Parlament ta&#8217; Malta, biex jipprovdi g\u0127all-identifikazzjoni, [&hellip;]\" \/>\n<meta property=\"og:url\" content=\"https:\/\/assetrecovery.mt\/mt\/legizlazzjoni\/\" \/>\n<meta property=\"og:site_name\" content=\"Asset Recovery Bureau\" \/>\n<meta property=\"article:modified_time\" content=\"2024-02-21T13:25:50+00:00\" \/>\n<meta property=\"og:image\" content=\"https:\/\/assetrecovery.mt\/wp-content\/uploads\/2022\/07\/unsplash_-Jd2XVXLQ0U-6.jpg\" \/>\n\t<meta property=\"og:image:width\" content=\"623\" \/>\n\t<meta property=\"og:image:height\" content=\"725\" \/>\n\t<meta property=\"og:image:type\" content=\"image\/jpeg\" \/>\n<meta name=\"twitter:card\" content=\"summary_large_image\" \/>\n<meta name=\"twitter:label1\" content=\"Est. reading time\" \/>\n\t<meta name=\"twitter:data1\" content=\"1 minute\" \/>\n<script type=\"application\/ld+json\" class=\"yoast-schema-graph\">{\"@context\":\"https:\\\/\\\/schema.org\",\"@graph\":[{\"@type\":\"WebPage\",\"@id\":\"https:\\\/\\\/assetrecovery.mt\\\/mt\\\/legizlazzjoni\\\/\",\"url\":\"https:\\\/\\\/assetrecovery.mt\\\/mt\\\/legizlazzjoni\\\/\",\"name\":\"Legizlazzjoni - Asset Recovery Bureau\",\"isPartOf\":{\"@id\":\"https:\\\/\\\/assetrecovery.mt\\\/mt\\\/#website\"},\"primaryImageOfPage\":{\"@id\":\"https:\\\/\\\/assetrecovery.mt\\\/mt\\\/legizlazzjoni\\\/#primaryimage\"},\"image\":{\"@id\":\"https:\\\/\\\/assetrecovery.mt\\\/mt\\\/legizlazzjoni\\\/#primaryimage\"},\"thumbnailUrl\":\"https:\\\/\\\/assetrecovery.mt\\\/wp-content\\\/uploads\\\/2022\\\/07\\\/unsplash_-Jd2XVXLQ0U-6.jpg\",\"datePublished\":\"2022-07-28T08:54:32+00:00\",\"dateModified\":\"2024-02-21T13:25:50+00:00\",\"breadcrumb\":{\"@id\":\"https:\\\/\\\/assetrecovery.mt\\\/mt\\\/legizlazzjoni\\\/#breadcrumb\"},\"inLanguage\":\"mt-MT\",\"potentialAction\":[{\"@type\":\"ReadAction\",\"target\":[\"https:\\\/\\\/assetrecovery.mt\\\/mt\\\/legizlazzjoni\\\/\"]}]},{\"@type\":\"ImageObject\",\"inLanguage\":\"mt-MT\",\"@id\":\"https:\\\/\\\/assetrecovery.mt\\\/mt\\\/legizlazzjoni\\\/#primaryimage\",\"url\":\"https:\\\/\\\/assetrecovery.mt\\\/wp-content\\\/uploads\\\/2022\\\/07\\\/unsplash_-Jd2XVXLQ0U-6.jpg\",\"contentUrl\":\"https:\\\/\\\/assetrecovery.mt\\\/wp-content\\\/uploads\\\/2022\\\/07\\\/unsplash_-Jd2XVXLQ0U-6.jpg\",\"width\":623,\"height\":725},{\"@type\":\"BreadcrumbList\",\"@id\":\"https:\\\/\\\/assetrecovery.mt\\\/mt\\\/legizlazzjoni\\\/#breadcrumb\",\"itemListElement\":[{\"@type\":\"ListItem\",\"position\":1,\"name\":\"Home\",\"item\":\"https:\\\/\\\/assetrecovery.mt\\\/mt\\\/\"},{\"@type\":\"ListItem\",\"position\":2,\"name\":\"Legizlazzjoni\"}]},{\"@type\":\"WebSite\",\"@id\":\"https:\\\/\\\/assetrecovery.mt\\\/mt\\\/#website\",\"url\":\"https:\\\/\\\/assetrecovery.mt\\\/mt\\\/\",\"name\":\"Asset Recovery Bureau\",\"description\":\"\",\"publisher\":{\"@id\":\"https:\\\/\\\/assetrecovery.mt\\\/mt\\\/#organization\"},\"potentialAction\":[{\"@type\":\"SearchAction\",\"target\":{\"@type\":\"EntryPoint\",\"urlTemplate\":\"https:\\\/\\\/assetrecovery.mt\\\/mt\\\/?s={search_term_string}\"},\"query-input\":{\"@type\":\"PropertyValueSpecification\",\"valueRequired\":true,\"valueName\":\"search_term_string\"}}],\"inLanguage\":\"mt-MT\"},{\"@type\":\"Organization\",\"@id\":\"https:\\\/\\\/assetrecovery.mt\\\/mt\\\/#organization\",\"name\":\"Asset Recovery Bureau\",\"url\":\"https:\\\/\\\/assetrecovery.mt\\\/mt\\\/\",\"logo\":{\"@type\":\"ImageObject\",\"inLanguage\":\"mt-MT\",\"@id\":\"https:\\\/\\\/assetrecovery.mt\\\/mt\\\/#\\\/schema\\\/logo\\\/image\\\/\",\"url\":\"https:\\\/\\\/assetrecovery.mt\\\/wp-content\\\/uploads\\\/2022\\\/07\\\/cropped-LOGTYPE-1.png\",\"contentUrl\":\"https:\\\/\\\/assetrecovery.mt\\\/wp-content\\\/uploads\\\/2022\\\/07\\\/cropped-LOGTYPE-1.png\",\"width\":67,\"height\":41,\"caption\":\"Asset Recovery Bureau\"},\"image\":{\"@id\":\"https:\\\/\\\/assetrecovery.mt\\\/mt\\\/#\\\/schema\\\/logo\\\/image\\\/\"}}]}<\/script>\n<!-- \/ Yoast SEO plugin. -->","yoast_head_json":{"title":"Legizlazzjoni - Asset Recovery Bureau","robots":{"index":"index","follow":"follow","max-snippet":"max-snippet:-1","max-image-preview":"max-image-preview:large","max-video-preview":"max-video-preview:-1"},"canonical":"https:\/\/assetrecovery.mt\/mt\/legizlazzjoni\/","og_locale":"mt_MT","og_type":"article","og_title":"Legizlazzjoni - Asset Recovery Bureau","og_description":"ASSET recovery bureau Le\u0121i\u017clazzjoni L-Att tal-2021 dwar id-D\u0127ul mill-Kriminalit\u00e0 \u2013 ATT \u2116 \u0126amsa tal-2021 ATT ippromulgat mill-Parlament ta&#8217; Malta, biex jipprovdi g\u0127all-identifikazzjoni, [&hellip;]","og_url":"https:\/\/assetrecovery.mt\/mt\/legizlazzjoni\/","og_site_name":"Asset Recovery Bureau","article_modified_time":"2024-02-21T13:25:50+00:00","og_image":[{"width":623,"height":725,"url":"https:\/\/assetrecovery.mt\/wp-content\/uploads\/2022\/07\/unsplash_-Jd2XVXLQ0U-6.jpg","type":"image\/jpeg"}],"twitter_card":"summary_large_image","twitter_misc":{"Est. reading time":"1 minute"},"schema":{"@context":"https:\/\/schema.org","@graph":[{"@type":"WebPage","@id":"https:\/\/assetrecovery.mt\/mt\/legizlazzjoni\/","url":"https:\/\/assetrecovery.mt\/mt\/legizlazzjoni\/","name":"Legizlazzjoni - Asset Recovery Bureau","isPartOf":{"@id":"https:\/\/assetrecovery.mt\/mt\/#website"},"primaryImageOfPage":{"@id":"https:\/\/assetrecovery.mt\/mt\/legizlazzjoni\/#primaryimage"},"image":{"@id":"https:\/\/assetrecovery.mt\/mt\/legizlazzjoni\/#primaryimage"},"thumbnailUrl":"https:\/\/assetrecovery.mt\/wp-content\/uploads\/2022\/07\/unsplash_-Jd2XVXLQ0U-6.jpg","datePublished":"2022-07-28T08:54:32+00:00","dateModified":"2024-02-21T13:25:50+00:00","breadcrumb":{"@id":"https:\/\/assetrecovery.mt\/mt\/legizlazzjoni\/#breadcrumb"},"inLanguage":"mt-MT","potentialAction":[{"@type":"ReadAction","target":["https:\/\/assetrecovery.mt\/mt\/legizlazzjoni\/"]}]},{"@type":"ImageObject","inLanguage":"mt-MT","@id":"https:\/\/assetrecovery.mt\/mt\/legizlazzjoni\/#primaryimage","url":"https:\/\/assetrecovery.mt\/wp-content\/uploads\/2022\/07\/unsplash_-Jd2XVXLQ0U-6.jpg","contentUrl":"https:\/\/assetrecovery.mt\/wp-content\/uploads\/2022\/07\/unsplash_-Jd2XVXLQ0U-6.jpg","width":623,"height":725},{"@type":"BreadcrumbList","@id":"https:\/\/assetrecovery.mt\/mt\/legizlazzjoni\/#breadcrumb","itemListElement":[{"@type":"ListItem","position":1,"name":"Home","item":"https:\/\/assetrecovery.mt\/mt\/"},{"@type":"ListItem","position":2,"name":"Legizlazzjoni"}]},{"@type":"WebSite","@id":"https:\/\/assetrecovery.mt\/mt\/#website","url":"https:\/\/assetrecovery.mt\/mt\/","name":"Asset Recovery Bureau","description":"","publisher":{"@id":"https:\/\/assetrecovery.mt\/mt\/#organization"},"potentialAction":[{"@type":"SearchAction","target":{"@type":"EntryPoint","urlTemplate":"https:\/\/assetrecovery.mt\/mt\/?s={search_term_string}"},"query-input":{"@type":"PropertyValueSpecification","valueRequired":true,"valueName":"search_term_string"}}],"inLanguage":"mt-MT"},{"@type":"Organization","@id":"https:\/\/assetrecovery.mt\/mt\/#organization","name":"Asset Recovery Bureau","url":"https:\/\/assetrecovery.mt\/mt\/","logo":{"@type":"ImageObject","inLanguage":"mt-MT","@id":"https:\/\/assetrecovery.mt\/mt\/#\/schema\/logo\/image\/","url":"https:\/\/assetrecovery.mt\/wp-content\/uploads\/2022\/07\/cropped-LOGTYPE-1.png","contentUrl":"https:\/\/assetrecovery.mt\/wp-content\/uploads\/2022\/07\/cropped-LOGTYPE-1.png","width":67,"height":41,"caption":"Asset Recovery Bureau"},"image":{"@id":"https:\/\/assetrecovery.mt\/mt\/#\/schema\/logo\/image\/"}}]}},"_links":{"self":[{"href":"https:\/\/assetrecovery.mt\/mt\/wp-json\/wp\/v2\/pages\/45146","targetHints":{"allow":["GET"]}}],"collection":[{"href":"https:\/\/assetrecovery.mt\/mt\/wp-json\/wp\/v2\/pages"}],"about":[{"href":"https:\/\/assetrecovery.mt\/mt\/wp-json\/wp\/v2\/types\/page"}],"author":[{"embeddable":true,"href":"https:\/\/assetrecovery.mt\/mt\/wp-json\/wp\/v2\/users\/1"}],"replies":[{"embeddable":true,"href":"https:\/\/assetrecovery.mt\/mt\/wp-json\/wp\/v2\/comments?post=45146"}],"version-history":[{"count":50,"href":"https:\/\/assetrecovery.mt\/mt\/wp-json\/wp\/v2\/pages\/45146\/revisions"}],"predecessor-version":[{"id":102789,"href":"https:\/\/assetrecovery.mt\/mt\/wp-json\/wp\/v2\/pages\/45146\/revisions\/102789"}],"wp:featuredmedia":[{"embeddable":true,"href":"https:\/\/assetrecovery.mt\/mt\/wp-json\/wp\/v2\/media\/43793"}],"wp:attachment":[{"href":"https:\/\/assetrecovery.mt\/mt\/wp-json\/wp\/v2\/media?parent=45146"}],"curies":[{"name":"wp","href":"https:\/\/api.w.org\/{rel}","templated":true}]}}