{"id":104026,"date":"2024-05-30T13:34:08","date_gmt":"2024-05-30T12:34:08","guid":{"rendered":"https:\/\/assetrecovery.mt\/notifika-pubblika\/"},"modified":"2024-08-06T12:06:29","modified_gmt":"2024-08-06T11:06:29","slug":"notifika-pubblika-3","status":"publish","type":"page","link":"https:\/\/assetrecovery.mt\/mt\/notifika-pubblika-3\/","title":{"rendered":"Notifika Pubblika"},"content":{"rendered":"\t\t<div data-elementor-type=\"wp-page\" data-elementor-id=\"104026\" class=\"elementor elementor-104026\" data-elementor-post-type=\"page\">\n\t\t\t\t\t\t<section class=\"elementor-section elementor-top-section elementor-element elementor-element-3614385 elementor-section-height-min-height elementor-section-boxed elementor-section-height-default elementor-section-items-middle\" data-id=\"3614385\" data-element_type=\"section\" data-e-type=\"section\" data-settings=\"{&quot;background_background&quot;:&quot;classic&quot;}\">\n\t\t\t\t\t\t<div class=\"elementor-container elementor-column-gap-default\">\n\t\t\t\t\t<div class=\"elementor-column elementor-col-100 elementor-top-column elementor-element elementor-element-769bd87\" data-id=\"769bd87\" data-element_type=\"column\" data-e-type=\"column\">\n\t\t\t<div class=\"elementor-widget-wrap elementor-element-populated\">\n\t\t\t\t\t\t\t<\/div>\n\t\t<\/div>\n\t\t\t\t\t<\/div>\n\t\t<\/section>\n\t\t\t\t<section class=\"elementor-section elementor-top-section elementor-element elementor-element-891d9f8 elementor-section-stretched elementor-section-boxed elementor-section-height-default elementor-section-height-default\" data-id=\"891d9f8\" data-element_type=\"section\" data-e-type=\"section\" data-settings=\"{&quot;background_background&quot;:&quot;classic&quot;,&quot;stretch_section&quot;:&quot;section-stretched&quot;}\">\n\t\t\t\t\t\t<div class=\"elementor-container elementor-column-gap-default\">\n\t\t\t\t\t<div class=\"elementor-column elementor-col-50 elementor-top-column elementor-element elementor-element-eff6497\" data-id=\"eff6497\" data-element_type=\"column\" data-e-type=\"column\" data-settings=\"{&quot;background_background&quot;:&quot;classic&quot;}\">\n\t\t\t<div class=\"elementor-widget-wrap elementor-element-populated\">\n\t\t\t\t\t\t<div class=\"elementor-element elementor-element-f634fb2 elementor-widget elementor-widget-heading\" data-id=\"f634fb2\" data-element_type=\"widget\" data-e-type=\"widget\" data-widget_type=\"heading.default\">\n\t\t\t\t<div class=\"elementor-widget-container\">\n\t\t\t\t\t<h1 class=\"elementor-heading-title elementor-size-default\">Dettalji ta' kuntatt<\/h1>\t\t\t\t<\/div>\n\t\t\t\t<\/div>\n\t\t\t\t<section class=\"elementor-section elementor-inner-section elementor-element elementor-element-ca588ba elementor-section-content-middle elementor-section-boxed elementor-section-height-default elementor-section-height-default\" data-id=\"ca588ba\" data-element_type=\"section\" data-e-type=\"section\">\n\t\t\t\t\t\t<div class=\"elementor-container elementor-column-gap-default\">\n\t\t\t\t\t<div class=\"elementor-column elementor-col-50 elementor-inner-column elementor-element elementor-element-5e22b4c\" data-id=\"5e22b4c\" data-element_type=\"column\" data-e-type=\"column\">\n\t\t\t<div class=\"elementor-widget-wrap elementor-element-populated\">\n\t\t\t\t\t\t<div class=\"elementor-element elementor-element-ed1edef elementor-view-default elementor-widget elementor-widget-icon\" data-id=\"ed1edef\" data-element_type=\"widget\" data-e-type=\"widget\" data-widget_type=\"icon.default\">\n\t\t\t\t<div class=\"elementor-widget-container\">\n\t\t\t\t\t\t\t<div class=\"elementor-icon-wrapper\">\n\t\t\t<div class=\"elementor-icon\">\n\t\t\t<i aria-hidden=\"true\" class=\"fas fa-user-alt\"><\/i>\t\t\t<\/div>\n\t\t<\/div>\n\t\t\t\t\t\t<\/div>\n\t\t\t\t<\/div>\n\t\t\t\t\t<\/div>\n\t\t<\/div>\n\t\t\t\t<div class=\"elementor-column elementor-col-50 elementor-inner-column elementor-element elementor-element-0a747d7\" data-id=\"0a747d7\" data-element_type=\"column\" data-e-type=\"column\">\n\t\t\t<div class=\"elementor-widget-wrap elementor-element-populated\">\n\t\t\t\t\t\t<div class=\"elementor-element elementor-element-7328372 elementor-widget elementor-widget-heading\" data-id=\"7328372\" data-element_type=\"widget\" data-e-type=\"widget\" data-widget_type=\"heading.default\">\n\t\t\t\t<div class=\"elementor-widget-container\">\n\t\t\t\t\t<h6 class=\"elementor-heading-title elementor-size-default\">Asset Recovery Bureau<\/h6>\t\t\t\t<\/div>\n\t\t\t\t<\/div>\n\t\t\t\t\t<\/div>\n\t\t<\/div>\n\t\t\t\t\t<\/div>\n\t\t<\/section>\n\t\t\t\t<div class=\"elementor-element elementor-element-9c7ae3c elementor-widget elementor-widget-text-editor\" data-id=\"9c7ae3c\" data-element_type=\"widget\" data-e-type=\"widget\" data-widget_type=\"text-editor.default\">\n\t\t\t\t<div class=\"elementor-widget-container\">\n\t\t\t\t\t\t\t\t\t<div>Directories Building, 1 Pitkali Street, Marsa<\/div>\n\t\t\t\t\t\t\t\t<\/div>\n\t\t\t\t<\/div>\n\t\t\t\t<section class=\"elementor-section elementor-inner-section elementor-element elementor-element-eb88d60 elementor-section-content-middle elementor-section-boxed elementor-section-height-default elementor-section-height-default\" data-id=\"eb88d60\" data-element_type=\"section\" data-e-type=\"section\">\n\t\t\t\t\t\t<div class=\"elementor-container elementor-column-gap-default\">\n\t\t\t\t\t<div class=\"elementor-column elementor-col-50 elementor-inner-column elementor-element elementor-element-3734b48\" data-id=\"3734b48\" data-element_type=\"column\" data-e-type=\"column\">\n\t\t\t<div class=\"elementor-widget-wrap elementor-element-populated\">\n\t\t\t\t\t\t<div class=\"elementor-element elementor-element-7557235 elementor-view-default elementor-widget elementor-widget-icon\" data-id=\"7557235\" data-element_type=\"widget\" data-e-type=\"widget\" data-widget_type=\"icon.default\">\n\t\t\t\t<div class=\"elementor-widget-container\">\n\t\t\t\t\t\t\t<div class=\"elementor-icon-wrapper\">\n\t\t\t<div class=\"elementor-icon\">\n\t\t\t<i aria-hidden=\"true\" class=\"fas fa-phone-alt\"><\/i>\t\t\t<\/div>\n\t\t<\/div>\n\t\t\t\t\t\t<\/div>\n\t\t\t\t<\/div>\n\t\t\t\t\t<\/div>\n\t\t<\/div>\n\t\t\t\t<div class=\"elementor-column elementor-col-50 elementor-inner-column elementor-element elementor-element-565d382\" data-id=\"565d382\" data-element_type=\"column\" data-e-type=\"column\">\n\t\t\t<div class=\"elementor-widget-wrap elementor-element-populated\">\n\t\t\t\t\t\t<div class=\"elementor-element elementor-element-1c78767 elementor-widget elementor-widget-heading\" data-id=\"1c78767\" data-element_type=\"widget\" data-e-type=\"widget\" data-widget_type=\"heading.default\">\n\t\t\t\t<div class=\"elementor-widget-container\">\n\t\t\t\t\t<h6 class=\"elementor-heading-title elementor-size-default\">Telefon<\/h6>\t\t\t\t<\/div>\n\t\t\t\t<\/div>\n\t\t\t\t\t<\/div>\n\t\t<\/div>\n\t\t\t\t\t<\/div>\n\t\t<\/section>\n\t\t\t\t<div class=\"elementor-element elementor-element-cba3870 elementor-widget elementor-widget-text-editor\" data-id=\"cba3870\" data-element_type=\"widget\" data-e-type=\"widget\" data-widget_type=\"text-editor.default\">\n\t\t\t\t<div class=\"elementor-widget-container\">\n\t\t\t\t\t\t\t\t\t<p><a style=\"color: #6ec1e4;\" href=\"tel:%20(+356)%2022473500\">+356 2247 3500<\/a><\/p>\n\t\t\t\t\t\t\t\t<\/div>\n\t\t\t\t<\/div>\n\t\t\t\t<section class=\"elementor-section elementor-inner-section elementor-element elementor-element-c5ee122 elementor-section-content-middle elementor-section-boxed elementor-section-height-default elementor-section-height-default\" data-id=\"c5ee122\" data-element_type=\"section\" data-e-type=\"section\">\n\t\t\t\t\t\t<div class=\"elementor-container elementor-column-gap-default\">\n\t\t\t\t\t<div class=\"elementor-column elementor-col-50 elementor-inner-column elementor-element elementor-element-4da7b88\" data-id=\"4da7b88\" data-element_type=\"column\" data-e-type=\"column\">\n\t\t\t<div class=\"elementor-widget-wrap elementor-element-populated\">\n\t\t\t\t\t\t<div class=\"elementor-element elementor-element-d6cb9eb elementor-view-default elementor-widget elementor-widget-icon\" data-id=\"d6cb9eb\" data-element_type=\"widget\" data-e-type=\"widget\" data-widget_type=\"icon.default\">\n\t\t\t\t<div class=\"elementor-widget-container\">\n\t\t\t\t\t\t\t<div class=\"elementor-icon-wrapper\">\n\t\t\t<div class=\"elementor-icon\">\n\t\t\t<i aria-hidden=\"true\" class=\"far fa-envelope\"><\/i>\t\t\t<\/div>\n\t\t<\/div>\n\t\t\t\t\t\t<\/div>\n\t\t\t\t<\/div>\n\t\t\t\t\t<\/div>\n\t\t<\/div>\n\t\t\t\t<div class=\"elementor-column elementor-col-50 elementor-inner-column elementor-element elementor-element-c9f4aca\" data-id=\"c9f4aca\" data-element_type=\"column\" data-e-type=\"column\">\n\t\t\t<div class=\"elementor-widget-wrap elementor-element-populated\">\n\t\t\t\t\t\t<div class=\"elementor-element elementor-element-2ff5326 elementor-widget elementor-widget-heading\" data-id=\"2ff5326\" data-element_type=\"widget\" data-e-type=\"widget\" data-widget_type=\"heading.default\">\n\t\t\t\t<div class=\"elementor-widget-container\">\n\t\t\t\t\t<h6 class=\"elementor-heading-title elementor-size-default\">Imejl<\/h6>\t\t\t\t<\/div>\n\t\t\t\t<\/div>\n\t\t\t\t\t<\/div>\n\t\t<\/div>\n\t\t\t\t\t<\/div>\n\t\t<\/section>\n\t\t\t\t<div class=\"elementor-element elementor-element-b61ab0a elementor-widget elementor-widget-text-editor\" data-id=\"b61ab0a\" data-element_type=\"widget\" data-e-type=\"widget\" data-widget_type=\"text-editor.default\">\n\t\t\t\t<div class=\"elementor-widget-container\">\n\t\t\t\t\t\t\t\t\t<p><a style=\"color: #6ec1e4;\" href=\"mailto:arbmalta@assetrecovery.mt\">arbmalta@assetrecovery.mt<\/a><\/p>\n\t\t\t\t\t\t\t\t<\/div>\n\t\t\t\t<\/div>\n\t\t\t\t<section class=\"elementor-section elementor-inner-section elementor-element elementor-element-bb808c4 elementor-section-content-middle elementor-section-boxed elementor-section-height-default elementor-section-height-default\" data-id=\"bb808c4\" data-element_type=\"section\" data-e-type=\"section\">\n\t\t\t\t\t\t<div class=\"elementor-container elementor-column-gap-default\">\n\t\t\t\t\t<div class=\"elementor-column elementor-col-50 elementor-inner-column elementor-element elementor-element-b0bc357\" data-id=\"b0bc357\" data-element_type=\"column\" data-e-type=\"column\">\n\t\t\t<div class=\"elementor-widget-wrap elementor-element-populated\">\n\t\t\t\t\t\t<div class=\"elementor-element elementor-element-17b1d43 elementor-view-default elementor-widget elementor-widget-icon\" data-id=\"17b1d43\" data-element_type=\"widget\" data-e-type=\"widget\" data-widget_type=\"icon.default\">\n\t\t\t\t<div class=\"elementor-widget-container\">\n\t\t\t\t\t\t\t<div class=\"elementor-icon-wrapper\">\n\t\t\t<div class=\"elementor-icon\">\n\t\t\t<i aria-hidden=\"true\" class=\"fas fa-globe\"><\/i>\t\t\t<\/div>\n\t\t<\/div>\n\t\t\t\t\t\t<\/div>\n\t\t\t\t<\/div>\n\t\t\t\t\t<\/div>\n\t\t<\/div>\n\t\t\t\t<div class=\"elementor-column elementor-col-50 elementor-inner-column elementor-element elementor-element-6c869f9\" data-id=\"6c869f9\" data-element_type=\"column\" data-e-type=\"column\">\n\t\t\t<div class=\"elementor-widget-wrap elementor-element-populated\">\n\t\t\t\t\t\t<div class=\"elementor-element elementor-element-b68c2b9 elementor-widget elementor-widget-heading\" data-id=\"b68c2b9\" data-element_type=\"widget\" data-e-type=\"widget\" data-widget_type=\"heading.default\">\n\t\t\t\t<div class=\"elementor-widget-container\">\n\t\t\t\t\t<h6 class=\"elementor-heading-title elementor-size-default\">Websajt<\/h6>\t\t\t\t<\/div>\n\t\t\t\t<\/div>\n\t\t\t\t\t<\/div>\n\t\t<\/div>\n\t\t\t\t\t<\/div>\n\t\t<\/section>\n\t\t\t\t<div class=\"elementor-element elementor-element-154fa59 elementor-widget elementor-widget-text-editor\" data-id=\"154fa59\" data-element_type=\"widget\" data-e-type=\"widget\" data-widget_type=\"text-editor.default\">\n\t\t\t\t<div class=\"elementor-widget-container\">\n\t\t\t\t\t\t\t\t\t<p><a style=\"color: #6ec1e4;\" href=\"http:\/\/www.assetrecovery.mt\">www.assetrecovery.mt<\/a><\/p>\n\t\t\t\t\t\t\t\t<\/div>\n\t\t\t\t<\/div>\n\t\t\t\t\t<\/div>\n\t\t<\/div>\n\t\t\t\t<div class=\"elementor-column elementor-col-50 elementor-top-column elementor-element elementor-element-a562b20\" data-id=\"a562b20\" data-element_type=\"column\" data-e-type=\"column\">\n\t\t\t<div class=\"elementor-widget-wrap elementor-element-populated\">\n\t\t\t\t\t\t<div class=\"elementor-element elementor-element-5e9743a elementor-widget elementor-widget-shortcode\" data-id=\"5e9743a\" data-element_type=\"widget\" data-e-type=\"widget\" data-widget_type=\"shortcode.default\">\n\t\t\t\t<div class=\"elementor-widget-container\">\n\t\t\t\t\t\t\t<div class=\"elementor-shortcode\">    \n    <div class=\"public-notices\">\n        <div class=\"row\">\n            <div class=\"col-sm-12\">\n                  \n                <table class=\"table custom-table\">\n                    <thead>\n                        <tr>\n                            <th scope=\"col\" style=\"text-align: left;\">DATE<\/th>\n                            <th scope=\"col\" style=\"text-align: left;\">PUBLIC NOTICE<\/th>\n                        <\/tr>\n                    <\/thead>\n                    <tbody>\n                                                <tr>\n                            <td class=\"public-date\" style=\"text-align: left;\">11\/04\/2025<\/td>\n                            <td class=\"public-title\" style=\"text-align: left;\">\n                                <a class=\"document-url\" href=\"https:\/\/assetrecovery.mt\/mt\/public_notice\/il-president-tal-ufficcju-ghall-irkupru-tal-assi-et-vs-kont-bl-id-tal-utent-12084443-amministrat-minn-foris-dax-mt-limited\/\" target=\"_blank\" >\n                                    Il-President tal-Uffi\u010b\u010bju g\u0127all-Irkupru tal-Assi et vs kont bl-ID tal-utent 12084443 amministrat minn FORIS DAX MT Limited                                <\/a> \n                            <\/td>\n                        <\/tr>\n                                                <tr>\n                            <td class=\"public-date\" style=\"text-align: left;\">09\/30\/2025<\/td>\n                            <td class=\"public-title\" style=\"text-align: left;\">\n                                <a class=\"document-url\" href=\"https:\/\/assetrecovery.mt\/mt\/public_notice\/arb-chairperson-et-vs-account-with-user-id-499877386-with-exchange-virtual-binance\/\" target=\"_blank\" >\n                                    ARB Chairperson et vs Account with user ID 499877386 with Exchange Virtual Binance                                <\/a> \n                            <\/td>\n                        <\/tr>\n                                                <tr>\n                            <td class=\"public-date\" style=\"text-align: left;\">08\/01\/2024<\/td>\n                            <td class=\"public-title\" style=\"text-align: left;\">\n                                <a class=\"document-url\" href=\"https:\/\/assetrecovery.mt\/mt\/public_notice\/chairperson-tal-arb-vs-bank-account-oleg-limited\/\" target=\"_blank\" >\n                                    Chairperson tal-ARB vs Bank Account Oleg Limited                                <\/a> \n                            <\/td>\n                        <\/tr>\n                                            <\/tbody>\n                <\/table>\n                        <\/div>\n        <\/div>\n    <\/div>\n<\/div>\n\t\t\t\t\t\t<\/div>\n\t\t\t\t<\/div>\n\t\t\t\t\t<\/div>\n\t\t<\/div>\n\t\t\t\t\t<\/div>\n\t\t<\/section>\n\t\t\t\t<\/div>\n\t\t","protected":false},"excerpt":{"rendered":"<p>Dettalji ta&#8217; kuntatt Asset Recovery Bureau Directories Building, 1 Pitkali Street, Marsa Telefon +356 2247 3500 Imejl arbmalta@assetrecovery.mt Websajt www.assetrecovery.mt<\/p>\n","protected":false},"author":1,"featured_media":0,"parent":0,"menu_order":0,"comment_status":"closed","ping_status":"closed","template":"","meta":{"_acf_changed":false,"footnotes":""},"class_list":["post-104026","page","type-page","status-publish","hentry"],"acf":[],"yoast_head":"<!-- This site is optimized with the Yoast SEO plugin v27.3 - https:\/\/yoast.com\/product\/yoast-seo-wordpress\/ -->\n<title>Notifika Pubblika - Asset Recovery Bureau<\/title>\n<meta name=\"robots\" content=\"index, follow, max-snippet:-1, max-image-preview:large, max-video-preview:-1\" \/>\n<link rel=\"canonical\" href=\"https:\/\/assetrecovery.mt\/mt\/notifika-pubblika-3\/\" \/>\n<meta property=\"og:locale\" content=\"mt_MT\" \/>\n<meta property=\"og:type\" content=\"article\" \/>\n<meta property=\"og:title\" content=\"Notifika Pubblika - Asset Recovery Bureau\" \/>\n<meta property=\"og:description\" content=\"Dettalji ta&#8217; kuntatt Asset Recovery Bureau Directories Building, 1 Pitkali Street, Marsa Telefon +356 2247 3500 Imejl arbmalta@assetrecovery.mt Websajt www.assetrecovery.mt\" \/>\n<meta property=\"og:url\" content=\"https:\/\/assetrecovery.mt\/mt\/notifika-pubblika-3\/\" \/>\n<meta property=\"og:site_name\" content=\"Asset Recovery Bureau\" \/>\n<meta property=\"article:modified_time\" content=\"2024-08-06T11:06:29+00:00\" \/>\n<meta name=\"twitter:card\" content=\"summary_large_image\" \/>\n<script type=\"application\/ld+json\" class=\"yoast-schema-graph\">{\"@context\":\"https:\\\/\\\/schema.org\",\"@graph\":[{\"@type\":\"WebPage\",\"@id\":\"https:\\\/\\\/assetrecovery.mt\\\/mt\\\/notifika-pubblika-3\\\/\",\"url\":\"https:\\\/\\\/assetrecovery.mt\\\/mt\\\/notifika-pubblika-3\\\/\",\"name\":\"Notifika Pubblika - Asset Recovery Bureau\",\"isPartOf\":{\"@id\":\"https:\\\/\\\/assetrecovery.mt\\\/mt\\\/#website\"},\"datePublished\":\"2024-05-30T12:34:08+00:00\",\"dateModified\":\"2024-08-06T11:06:29+00:00\",\"breadcrumb\":{\"@id\":\"https:\\\/\\\/assetrecovery.mt\\\/mt\\\/notifika-pubblika-3\\\/#breadcrumb\"},\"inLanguage\":\"mt-MT\",\"potentialAction\":[{\"@type\":\"ReadAction\",\"target\":[\"https:\\\/\\\/assetrecovery.mt\\\/mt\\\/notifika-pubblika-3\\\/\"]}]},{\"@type\":\"BreadcrumbList\",\"@id\":\"https:\\\/\\\/assetrecovery.mt\\\/mt\\\/notifika-pubblika-3\\\/#breadcrumb\",\"itemListElement\":[{\"@type\":\"ListItem\",\"position\":1,\"name\":\"Home\",\"item\":\"https:\\\/\\\/assetrecovery.mt\\\/mt\\\/\"},{\"@type\":\"ListItem\",\"position\":2,\"name\":\"Notifika Pubblika\"}]},{\"@type\":\"WebSite\",\"@id\":\"https:\\\/\\\/assetrecovery.mt\\\/mt\\\/#website\",\"url\":\"https:\\\/\\\/assetrecovery.mt\\\/mt\\\/\",\"name\":\"Asset Recovery Bureau\",\"description\":\"\",\"publisher\":{\"@id\":\"https:\\\/\\\/assetrecovery.mt\\\/mt\\\/#organization\"},\"potentialAction\":[{\"@type\":\"SearchAction\",\"target\":{\"@type\":\"EntryPoint\",\"urlTemplate\":\"https:\\\/\\\/assetrecovery.mt\\\/mt\\\/?s={search_term_string}\"},\"query-input\":{\"@type\":\"PropertyValueSpecification\",\"valueRequired\":true,\"valueName\":\"search_term_string\"}}],\"inLanguage\":\"mt-MT\"},{\"@type\":\"Organization\",\"@id\":\"https:\\\/\\\/assetrecovery.mt\\\/mt\\\/#organization\",\"name\":\"Asset Recovery Bureau\",\"url\":\"https:\\\/\\\/assetrecovery.mt\\\/mt\\\/\",\"logo\":{\"@type\":\"ImageObject\",\"inLanguage\":\"mt-MT\",\"@id\":\"https:\\\/\\\/assetrecovery.mt\\\/mt\\\/#\\\/schema\\\/logo\\\/image\\\/\",\"url\":\"https:\\\/\\\/assetrecovery.mt\\\/wp-content\\\/uploads\\\/2022\\\/07\\\/cropped-LOGTYPE-1.png\",\"contentUrl\":\"https:\\\/\\\/assetrecovery.mt\\\/wp-content\\\/uploads\\\/2022\\\/07\\\/cropped-LOGTYPE-1.png\",\"width\":67,\"height\":41,\"caption\":\"Asset Recovery Bureau\"},\"image\":{\"@id\":\"https:\\\/\\\/assetrecovery.mt\\\/mt\\\/#\\\/schema\\\/logo\\\/image\\\/\"}}]}<\/script>\n<!-- \/ Yoast SEO plugin. -->","yoast_head_json":{"title":"Notifika Pubblika - Asset Recovery Bureau","robots":{"index":"index","follow":"follow","max-snippet":"max-snippet:-1","max-image-preview":"max-image-preview:large","max-video-preview":"max-video-preview:-1"},"canonical":"https:\/\/assetrecovery.mt\/mt\/notifika-pubblika-3\/","og_locale":"mt_MT","og_type":"article","og_title":"Notifika Pubblika - Asset Recovery Bureau","og_description":"Dettalji ta&#8217; kuntatt Asset Recovery Bureau Directories Building, 1 Pitkali Street, Marsa Telefon +356 2247 3500 Imejl arbmalta@assetrecovery.mt Websajt www.assetrecovery.mt","og_url":"https:\/\/assetrecovery.mt\/mt\/notifika-pubblika-3\/","og_site_name":"Asset Recovery Bureau","article_modified_time":"2024-08-06T11:06:29+00:00","twitter_card":"summary_large_image","schema":{"@context":"https:\/\/schema.org","@graph":[{"@type":"WebPage","@id":"https:\/\/assetrecovery.mt\/mt\/notifika-pubblika-3\/","url":"https:\/\/assetrecovery.mt\/mt\/notifika-pubblika-3\/","name":"Notifika Pubblika - Asset Recovery Bureau","isPartOf":{"@id":"https:\/\/assetrecovery.mt\/mt\/#website"},"datePublished":"2024-05-30T12:34:08+00:00","dateModified":"2024-08-06T11:06:29+00:00","breadcrumb":{"@id":"https:\/\/assetrecovery.mt\/mt\/notifika-pubblika-3\/#breadcrumb"},"inLanguage":"mt-MT","potentialAction":[{"@type":"ReadAction","target":["https:\/\/assetrecovery.mt\/mt\/notifika-pubblika-3\/"]}]},{"@type":"BreadcrumbList","@id":"https:\/\/assetrecovery.mt\/mt\/notifika-pubblika-3\/#breadcrumb","itemListElement":[{"@type":"ListItem","position":1,"name":"Home","item":"https:\/\/assetrecovery.mt\/mt\/"},{"@type":"ListItem","position":2,"name":"Notifika Pubblika"}]},{"@type":"WebSite","@id":"https:\/\/assetrecovery.mt\/mt\/#website","url":"https:\/\/assetrecovery.mt\/mt\/","name":"Asset Recovery Bureau","description":"","publisher":{"@id":"https:\/\/assetrecovery.mt\/mt\/#organization"},"potentialAction":[{"@type":"SearchAction","target":{"@type":"EntryPoint","urlTemplate":"https:\/\/assetrecovery.mt\/mt\/?s={search_term_string}"},"query-input":{"@type":"PropertyValueSpecification","valueRequired":true,"valueName":"search_term_string"}}],"inLanguage":"mt-MT"},{"@type":"Organization","@id":"https:\/\/assetrecovery.mt\/mt\/#organization","name":"Asset Recovery Bureau","url":"https:\/\/assetrecovery.mt\/mt\/","logo":{"@type":"ImageObject","inLanguage":"mt-MT","@id":"https:\/\/assetrecovery.mt\/mt\/#\/schema\/logo\/image\/","url":"https:\/\/assetrecovery.mt\/wp-content\/uploads\/2022\/07\/cropped-LOGTYPE-1.png","contentUrl":"https:\/\/assetrecovery.mt\/wp-content\/uploads\/2022\/07\/cropped-LOGTYPE-1.png","width":67,"height":41,"caption":"Asset Recovery Bureau"},"image":{"@id":"https:\/\/assetrecovery.mt\/mt\/#\/schema\/logo\/image\/"}}]}},"_links":{"self":[{"href":"https:\/\/assetrecovery.mt\/mt\/wp-json\/wp\/v2\/pages\/104026","targetHints":{"allow":["GET"]}}],"collection":[{"href":"https:\/\/assetrecovery.mt\/mt\/wp-json\/wp\/v2\/pages"}],"about":[{"href":"https:\/\/assetrecovery.mt\/mt\/wp-json\/wp\/v2\/types\/page"}],"author":[{"embeddable":true,"href":"https:\/\/assetrecovery.mt\/mt\/wp-json\/wp\/v2\/users\/1"}],"replies":[{"embeddable":true,"href":"https:\/\/assetrecovery.mt\/mt\/wp-json\/wp\/v2\/comments?post=104026"}],"version-history":[{"count":3,"href":"https:\/\/assetrecovery.mt\/mt\/wp-json\/wp\/v2\/pages\/104026\/revisions"}],"predecessor-version":[{"id":104041,"href":"https:\/\/assetrecovery.mt\/mt\/wp-json\/wp\/v2\/pages\/104026\/revisions\/104041"}],"wp:attachment":[{"href":"https:\/\/assetrecovery.mt\/mt\/wp-json\/wp\/v2\/media?parent=104026"}],"curies":[{"name":"wp","href":"https:\/\/api.w.org\/{rel}","templated":true}]}}